{"id":21,"date":"2015-07-08T16:07:37","date_gmt":"2015-07-08T14:07:37","guid":{"rendered":"http:\/\/axel-thomas.de.w0135f70.kasserver.com\/?page_id=21"},"modified":"2022-02-08T20:39:14","modified_gmt":"2022-02-08T19:39:14","slug":"qualifikation","status":"publish","type":"page","link":"https:\/\/www.dr-axel-thomas.de\/index.php\/qualifikation\/","title":{"rendered":"Qualifikation"},"content":{"rendered":"<p><strong>Zur Person:<\/strong><\/p>\n<p>1962 geboren in K\u00f6ln.<\/p>\n<p><strong>Zur Qualifikation<\/strong>:<\/p>\n<p>1983-1990 Psychologie-Diplom-Studium an der Universit\u00e4t zu K\u00f6ln.<\/p>\n<p>1993-1995 Promotion an der philosophischen Fakult\u00e4t der Universit\u00e4t zu K\u00f6ln.<\/p>\n<p>seit 1992 T\u00e4tigkeit als Psychologischer Psychotherapeut.<\/p>\n<p>1994 Niederlassung mit <em>Praxis f\u00fcr Tiefenpsychologische Psychotherapie<\/em> in K\u00f6ln.<\/p>\n<p>1993-1996 Ausbildung zum <em>Analytischen Intensivbehandler<\/em> bei der <em>Wissenschaftlichen Gesellschaft f\u00fcr analytische Intensivbehandlung<\/em> in K\u00f6ln.<\/p>\n<p>Seit 1997 Dozent, Supervisor und Lehrtherapeut (Selbsterfahrungsleiter) beim <em>Ausbildungsinstitut f\u00fcr Tiefenpsychologisch fundierte Psychotherapie der Wissenschaftlichen Gesellschaft f\u00fcr analytische Intensivbehandlung<\/em> in K\u00f6ln.<\/p>\n<p>1999 Approbation als Psychologischer Psychotherapeut<br \/>\nKassen-Zulassung bei der <em>Kassen\u00e4rztlichen Vereinigung Nordrhein<\/em> in <em>Tiefenpsychologisch fundierter Psychotherapie<\/em><\/p>\n<p>2002 Qualifikation zum <em>Qualit\u00e4tszirkelmoderator der Kassen\u00e4rztlichen Vereinigung Nordrhein<\/em> in D\u00fcsseldorf<\/p>\n<p>2006-2011 Ausbildung in Beziehungsanalytischer Paar- und Familientherapie bei der <em>Arbeitsgemeinschaft Beziehungsanalyse<\/em>.<\/p>\n<p>Seit 2018 Supervisor bei verschiedenen anerkannten Ausbildungsinstituten (Rheinlandinstitut Koblenz; KBAP K\u00f6ln\/Bonn; AFP-Erfurt; LPP Rinkerode).<\/p>\n","protected":false},"excerpt":{"rendered":"<p>Zur Person: 1962 geboren in K\u00f6ln. Zur Qualifikation: 1983-1990 Psychologie-Diplom-Studium an der Universit\u00e4t zu K\u00f6ln. 1993-1995 Promotion an der philosophischen Fakult\u00e4t der Universit\u00e4t zu K\u00f6ln. seit 1992 T\u00e4tigkeit als Psychologischer Psychotherapeut. 1994 Niederlassung mit Praxis f\u00fcr Tiefenpsychologische Psychotherapie in K\u00f6ln. 1993-1996 Ausbildung zum Analytischen Intensivbehandler bei der Wissenschaftlichen Gesellschaft f\u00fcr analytische Intensivbehandlung in K\u00f6ln. Seit [&hellip;]<\/p>\n","protected":false},"author":1,"featured_media":0,"parent":0,"menu_order":0,"comment_status":"closed","ping_status":"closed","template":"","meta":{"footnotes":""},"class_list":["post-21","page","type-page","status-publish","hentry"],"_links":{"self":[{"href":"https:\/\/www.dr-axel-thomas.de\/index.php\/wp-json\/wp\/v2\/pages\/21","targetHints":{"allow":["GET"]}}],"collection":[{"href":"https:\/\/www.dr-axel-thomas.de\/index.php\/wp-json\/wp\/v2\/pages"}],"about":[{"href":"https:\/\/www.dr-axel-thomas.de\/index.php\/wp-json\/wp\/v2\/types\/page"}],"author":[{"embeddable":true,"href":"https:\/\/www.dr-axel-thomas.de\/index.php\/wp-json\/wp\/v2\/users\/1"}],"replies":[{"embeddable":true,"href":"https:\/\/www.dr-axel-thomas.de\/index.php\/wp-json\/wp\/v2\/comments?post=21"}],"version-history":[{"count":11,"href":"https:\/\/www.dr-axel-thomas.de\/index.php\/wp-json\/wp\/v2\/pages\/21\/revisions"}],"predecessor-version":[{"id":281,"href":"https:\/\/www.dr-axel-thomas.de\/index.php\/wp-json\/wp\/v2\/pages\/21\/revisions\/281"}],"wp:attachment":[{"href":"https:\/\/www.dr-axel-thomas.de\/index.php\/wp-json\/wp\/v2\/media?parent=21"}],"curies":[{"name":"wp","href":"https:\/\/api.w.org\/{rel}","templated":true}]}}