{"id":218,"date":"2018-05-22T14:04:48","date_gmt":"2018-05-22T12:04:48","guid":{"rendered":"http:\/\/www.dr-axel-thomas.de\/?page_id=218"},"modified":"2026-03-13T16:12:39","modified_gmt":"2026-03-13T15:12:39","slug":"datenschutzerklaerung","status":"publish","type":"page","link":"https:\/\/www.dr-axel-thomas.de\/index.php\/impressum\/datenschutzerklaerung\/","title":{"rendered":"Datenschutzerkl\u00e4rung"},"content":{"rendered":"<p style=\"text-align: left;\">Die Adresse unserer Website ist: https:\/\/www.dr-axel-thomas.de.<\/p>\n<p style=\"text-align: left;\">1. Welche personenbezogenen Daten werden erhoben?<br \/>\nEs werden personenbezogene Daten nur dann erhoben und genutzt, wenn ein gesetzlicher Grund f\u00fcr die Erhebung und Nutzung vorliegt. Wir erheben und verwenden personenbezogene Daten nur, soweit dies zur Bereitstellung einer funktionsf\u00e4higen Webseite sowie unserer Inhalte und Leistungen erforderlich ist. Als personenbezogene Daten gelten s\u00e4mtliche Informationen, die dazu dienen, einen R\u00fcckschluss auf Ihre Person zuzulassen (z.B. Vor- und Nachname, E-Mail-Adresse, Telefonnummer). Diese Daten erhalten wir aufgrund Ihrer freiwilligen Eingaben bei Aufnahme eines E-Mailkontaktes \u00fcber Ihren eigenen E-Mail-Client oder Ihrer telefonischen Anfrage. Die von Ihnen angegebenen Daten dienen alleine der Kontaktaufnahme und werden gel\u00f6scht, sobald sie f\u00fcr die Erreichung des Zweckes ihrer Erhebung nicht mehr erforderlich sind. Auf der Kontaktseite weisen wir Sie nochmals auf diese Datenschutzerkl\u00e4rung hin.<br \/>\nWeitere Daten erheben wir nicht.<\/p>\n<p style=\"text-align: left;\">2. Welche Informationen werden noch erfasst?<br \/>\nBeim Aufruf der Webseite wird Ihre IP-Adresse mit dem Zeitpunkt und Inhalt Ihres Abrufs einschlie\u00dflich der \u00fcbertragenen Datenmenge und der Meldung, ob der Abruf erfolgreich war, erfasst. Die vor\u00fcbergehende Speicherung der IP-Adresse erfolgt, um die Funktionsf\u00e4higkeit der Webseite sicherzustellen. Diese Daten werden nach Ende des Zugriffs auf die Webseite gel\u00f6scht, weil mit der Erreichung des Zweckes die Erhebung nicht mehr erforderlich ist.<\/p>\n<p style=\"text-align: left;\">3. Auf welche Weise werden Daten erfasst?<br \/>\nDie Daten, die bei jedem Zugriff der Seite erhoben werden, werden automatisch protokolliert; ansonsten nur aufgrund Ihrer Eingabe durch einen tempor\u00e4ren Cookie.<\/p>\n<p style=\"text-align: left;\">4. Wof\u00fcr werden die Daten genutzt?<br \/>\nDie Daten werden ausschlie\u00dflich zur Bereitstellung, Optimierung und Sicherheit des auf der Webseite angegebenen Internetangebots genutzt. Mit Ihrer Einwilligung werden Ihre angegebenen Daten nur zur Entgegennahme Ihrer Mitteilung per E-Mail oder telefonischen Anfrage (z.B. bei der Terminbuchung) genutzt.\u00a0<strong>Mit der Aufnahme eines E-Mail-Kontaktes oder einer telefonischen Anfrage willigen Sie in die daf\u00fcr erkl\u00e4rte Datenschutzbedingung ein.<\/strong><\/p>\n<p style=\"text-align: left;\">5. Die Daten werden nicht genutzt\u2026<br \/>\nZur Profilbildung, zu Werbezwecken und werden nicht an Dritte weitergegeben.<\/p>\n<p style=\"text-align: left;\">6. Welche Rechte hat der Besucher der Webseite?<br \/>\nAuskunft, L\u00f6schung, Berichtigung, Widerspruch. Ihre Rechte k\u00f6nnen Sie schriftlich oder per E-Mail gegen\u00fcber der im Impressum genannten Stelle geltend machen. Ungeachtet dessen haben Sie das Recht auf Beschwerde bei einer Aufsichtsbeh\u00f6rde ihres Aufenthaltsorts, ihres Arbeitsplatzes oder des Orts der mutma\u00dflichen Datenschutzverletzung, wenn Sie der Ansicht sind, dass die Verarbeitung der Sie betreffenden personenbezogenen Daten gegen die Datenschutzgrundverordnung verst\u00f6\u00dft.<\/p>\n<p style=\"text-align: left;\">7. Hinweis auf Webanalyse<br \/>\nEine Webanalyse findet m\u00f6glicherweise \u00fcber Ihren Browser statt. Diese Webseite nutzt keine eigene Webanalyse.<\/p>\n<p style=\"text-align: left;\">8. Das Angebot der Webseite der Praxis Dr. Axel Thomas enth\u00e4lt Links zu externen Webseiten Dritter, auf deren Inhalte ich keinen Einfluss habe. Deshalb kann ich f\u00fcr diese fremden Inhalte auch keine Gew\u00e4hr \u00fcbernehmen. F\u00fcr die Inhalte der verlinkten Seiten ist stets der jeweilige Anbieter oder Betreiber der Seiten verantwortlich. Die verlinkten Seiten wurden zum Zeitpunkt der Verlinkung auf m\u00f6gliche Rechtsverst\u00f6\u00dfe \u00fcberpr\u00fcft. Rechtswidrige Inhalte waren zum Zeitpunkt der Verlinkung nicht erkennbar. Eine permanente inhaltliche Kontrolle der verlinkten Seiten ist jedoch ohne konkrete Anhaltspunkte einer Rechtsverletzung nicht zumutbar. Bei Bekanntwerden von Rechtsverletzungen werde ich derartige Links umgehend entfernen.<\/p>\n<p style=\"text-align: left;\">9. Verwendung von Cookies<br \/>\nIn bestimmten F\u00e4llen werden Cookies verwendet. Ruft ein Nutzer eine Webseite auf, kann ein Cookie auf dem Betriebssystem des Nutzers gespeichert werden, die beim erneuten Aufruf der Webseite eine eindeutige Identifizierung erm\u00f6glicht. Cookies enthalten allerdings keine personenbezogenen Daten und werden nach Ablauf der Sitzung automatisch gel\u00f6scht. Im Fall einer Verlinkung k\u00f6nnen Cookies von Drittanbietern zum Einsatz kommen, ohne dass wir Sie darauf ausdr\u00fccklich hinweisen k\u00f6nnen. Die g\u00e4ngigen Browser erlauben es, die Verarbeitung solcher Cookies festzulegen, so dass Sie das Speichern dieser Cookies in Ihrem Internetbrowser deaktivieren bzw. die Art der Verarbeitung durch Ihren Browser einstellen k\u00f6nnen. Bei der Deaktivierung ist nicht gew\u00e4hrleistet, dass Sie auf alle Funktionen dieser Webseite ohne Einschr\u00e4nkungen zugreifen k\u00f6nnen.<\/p>\n<p style=\"text-align: left;\">10. Hinweis auf Verschl\u00fcsselung<br \/>\nDieses Angebot unterst\u00fctzt gegenw\u00e4rtig keine Datenverschl\u00fcsselung. Bei der \u00dcbertragung Ihrer Daten im Internet besteht daher die M\u00f6glichkeit, dass diese durch Unbefugte zur Kenntnis genommen oder ver\u00e4ndert werden k\u00f6nnen.<\/p>\n<p>Auch f\u00fcr den m\u00f6glichen Fall der <em>Kontaktaufnahme per E-Mail (oder SMS)<\/em> zum Zwecke einer Terminabsprache o.\u00e4. besteht praxisseits keine &#8218;end-to-end-Verschl\u00fcsselung&#8216;. Sollten Sie dennoch in dieser Form Kontakt aufnehmen, sind Sie hiermit auf das grunds\u00e4tzliche Sicherheitsrisiko dieses Datenverkehrs hingewiesen worden.<\/p>\n<p style=\"text-align: left;\">(Stand: 1.1.2026)<\/p>\n<p style=\"text-align: left;\">Dr. Axel Thomas<\/p>\n<h3 style=\"text-align: left;\"><\/h3>\n","protected":false},"excerpt":{"rendered":"<p>Die Adresse unserer Website ist: https:\/\/www.dr-axel-thomas.de. 1. Welche personenbezogenen Daten werden erhoben? Es werden personenbezogene Daten nur dann erhoben und genutzt, wenn ein gesetzlicher Grund f\u00fcr die Erhebung und Nutzung vorliegt. Wir erheben und verwenden personenbezogene Daten nur, soweit dies zur Bereitstellung einer funktionsf\u00e4higen Webseite sowie unserer Inhalte und Leistungen erforderlich ist. Als personenbezogene Daten [&hellip;]<\/p>\n","protected":false},"author":1,"featured_media":0,"parent":9,"menu_order":0,"comment_status":"closed","ping_status":"closed","template":"index_full_width_headline.php","meta":{"footnotes":""},"class_list":["post-218","page","type-page","status-publish","hentry"],"_links":{"self":[{"href":"https:\/\/www.dr-axel-thomas.de\/index.php\/wp-json\/wp\/v2\/pages\/218","targetHints":{"allow":["GET"]}}],"collection":[{"href":"https:\/\/www.dr-axel-thomas.de\/index.php\/wp-json\/wp\/v2\/pages"}],"about":[{"href":"https:\/\/www.dr-axel-thomas.de\/index.php\/wp-json\/wp\/v2\/types\/page"}],"author":[{"embeddable":true,"href":"https:\/\/www.dr-axel-thomas.de\/index.php\/wp-json\/wp\/v2\/users\/1"}],"replies":[{"embeddable":true,"href":"https:\/\/www.dr-axel-thomas.de\/index.php\/wp-json\/wp\/v2\/comments?post=218"}],"version-history":[{"count":23,"href":"https:\/\/www.dr-axel-thomas.de\/index.php\/wp-json\/wp\/v2\/pages\/218\/revisions"}],"predecessor-version":[{"id":309,"href":"https:\/\/www.dr-axel-thomas.de\/index.php\/wp-json\/wp\/v2\/pages\/218\/revisions\/309"}],"up":[{"embeddable":true,"href":"https:\/\/www.dr-axel-thomas.de\/index.php\/wp-json\/wp\/v2\/pages\/9"}],"wp:attachment":[{"href":"https:\/\/www.dr-axel-thomas.de\/index.php\/wp-json\/wp\/v2\/media?parent=218"}],"curies":[{"name":"wp","href":"https:\/\/api.w.org\/{rel}","templated":true}]}}