{"id":25,"date":"2015-07-08T16:08:35","date_gmt":"2015-07-08T14:08:35","guid":{"rendered":"http:\/\/axel-thomas.de.w0135f70.kasserver.com\/?page_id=25"},"modified":"2026-02-16T17:34:20","modified_gmt":"2026-02-16T16:34:20","slug":"psychotherapie","status":"publish","type":"page","link":"https:\/\/www.dr-axel-thomas.de\/index.php\/psychotherapie\/","title":{"rendered":"Psychotherapie"},"content":{"rendered":"<p style=\"text-align: justify;\">Psychotherapie ist ein Weg, sich selbst als selbstst\u00e4ndigen und wertvollen Menschen zu erfahren und sich mit allen Facetten -auch den unliebsamen Seiten und \u00c4ngsten- anzunehmen.<\/p>\n<p style=\"text-align: justify;\">Mein Therapie-Angebot umfasst:<\/p>\n<p style=\"text-align: justify;\">-tiefenpsychologisch fundierte Einzeltherapie<br \/>\n-Gruppentherapie<\/p>\n<p>&nbsp;<\/p>\n<p style=\"text-align: justify;\">Nach einem ausf\u00fchrlichen Erstgespr\u00e4ch kl\u00e4ren wir gemeinsam das weitere Vorgehen ab.<\/p>\n","protected":false},"excerpt":{"rendered":"<p>Psychotherapie ist ein Weg, sich selbst als selbstst\u00e4ndigen und wertvollen Menschen zu erfahren und sich mit allen Facetten -auch den unliebsamen Seiten und \u00c4ngsten- anzunehmen. Mein Therapie-Angebot umfasst: -tiefenpsychologisch fundierte Einzeltherapie -Gruppentherapie &nbsp; Nach einem ausf\u00fchrlichen Erstgespr\u00e4ch kl\u00e4ren wir gemeinsam das weitere Vorgehen ab.<\/p>\n","protected":false},"author":1,"featured_media":45,"parent":0,"menu_order":0,"comment_status":"closed","ping_status":"closed","template":"index_full_width_headline.php","meta":{"footnotes":""},"class_list":["post-25","page","type-page","status-publish","has-post-thumbnail","hentry"],"_links":{"self":[{"href":"https:\/\/www.dr-axel-thomas.de\/index.php\/wp-json\/wp\/v2\/pages\/25","targetHints":{"allow":["GET"]}}],"collection":[{"href":"https:\/\/www.dr-axel-thomas.de\/index.php\/wp-json\/wp\/v2\/pages"}],"about":[{"href":"https:\/\/www.dr-axel-thomas.de\/index.php\/wp-json\/wp\/v2\/types\/page"}],"author":[{"embeddable":true,"href":"https:\/\/www.dr-axel-thomas.de\/index.php\/wp-json\/wp\/v2\/users\/1"}],"replies":[{"embeddable":true,"href":"https:\/\/www.dr-axel-thomas.de\/index.php\/wp-json\/wp\/v2\/comments?post=25"}],"version-history":[{"count":9,"href":"https:\/\/www.dr-axel-thomas.de\/index.php\/wp-json\/wp\/v2\/pages\/25\/revisions"}],"predecessor-version":[{"id":306,"href":"https:\/\/www.dr-axel-thomas.de\/index.php\/wp-json\/wp\/v2\/pages\/25\/revisions\/306"}],"wp:featuredmedia":[{"embeddable":true,"href":"https:\/\/www.dr-axel-thomas.de\/index.php\/wp-json\/wp\/v2\/media\/45"}],"wp:attachment":[{"href":"https:\/\/www.dr-axel-thomas.de\/index.php\/wp-json\/wp\/v2\/media?parent=25"}],"curies":[{"name":"wp","href":"https:\/\/api.w.org\/{rel}","templated":true}]}}