{"id":33,"date":"2015-07-08T16:10:03","date_gmt":"2015-07-08T14:10:03","guid":{"rendered":"http:\/\/axel-thomas.de.w0135f70.kasserver.com\/?page_id=33"},"modified":"2018-10-23T16:54:34","modified_gmt":"2018-10-23T14:54:34","slug":"anfahrt","status":"publish","type":"page","link":"https:\/\/www.dr-axel-thomas.de\/index.php\/anfahrt\/","title":{"rendered":"Anfahrt"},"content":{"rendered":"<p>Anschrift: Geisselstra\u00dfe 101, 50823 K\u00f6ln.<\/p>\n<p>Mit dem Auto \u00fcber die Weinsbergstra\u00dfe (entweder von der Inneren Kanalstra\u00dfe oder vom Melateng\u00fcrtel aus).<\/p>\n<p>Mit der KVB: Linien 3, 4 (K\u00f6rnerstr.), 13 (Weinsbergstr.) und 142 (Geisselstr.).<\/p>\n<p>&nbsp;<\/p>\n<p>&nbsp;<\/p>\n","protected":false},"excerpt":{"rendered":"<p>Anschrift: Geisselstra\u00dfe 101, 50823 K\u00f6ln. Mit dem Auto \u00fcber die Weinsbergstra\u00dfe (entweder von der Inneren Kanalstra\u00dfe oder vom Melateng\u00fcrtel aus). Mit der KVB: Linien 3, 4 (K\u00f6rnerstr.), 13 (Weinsbergstr.) und 142 (Geisselstr.). &nbsp; &nbsp;<\/p>\n","protected":false},"author":1,"featured_media":0,"parent":0,"menu_order":0,"comment_status":"closed","ping_status":"closed","template":"index_full_width_headline.php","meta":{"footnotes":""},"class_list":["post-33","page","type-page","status-publish","hentry"],"_links":{"self":[{"href":"https:\/\/www.dr-axel-thomas.de\/index.php\/wp-json\/wp\/v2\/pages\/33","targetHints":{"allow":["GET"]}}],"collection":[{"href":"https:\/\/www.dr-axel-thomas.de\/index.php\/wp-json\/wp\/v2\/pages"}],"about":[{"href":"https:\/\/www.dr-axel-thomas.de\/index.php\/wp-json\/wp\/v2\/types\/page"}],"author":[{"embeddable":true,"href":"https:\/\/www.dr-axel-thomas.de\/index.php\/wp-json\/wp\/v2\/users\/1"}],"replies":[{"embeddable":true,"href":"https:\/\/www.dr-axel-thomas.de\/index.php\/wp-json\/wp\/v2\/comments?post=33"}],"version-history":[{"count":8,"href":"https:\/\/www.dr-axel-thomas.de\/index.php\/wp-json\/wp\/v2\/pages\/33\/revisions"}],"predecessor-version":[{"id":250,"href":"https:\/\/www.dr-axel-thomas.de\/index.php\/wp-json\/wp\/v2\/pages\/33\/revisions\/250"}],"wp:attachment":[{"href":"https:\/\/www.dr-axel-thomas.de\/index.php\/wp-json\/wp\/v2\/media?parent=33"}],"curies":[{"name":"wp","href":"https:\/\/api.w.org\/{rel}","templated":true}]}}