{"id":5,"date":"2015-06-30T17:34:15","date_gmt":"2015-06-30T15:34:15","guid":{"rendered":"http:\/\/axel-thomas.de.w0135f70.kasserver.com\/?page_id=5"},"modified":"2026-03-13T16:21:44","modified_gmt":"2026-03-13T15:21:44","slug":"herzlich-willkommen-auf-der-internetseite-meiner-praxis-fuer-psychotherapie-und-psychologische-beratung-in-koeln-2","status":"publish","type":"page","link":"https:\/\/www.dr-axel-thomas.de\/","title":{"rendered":"Herzlich willkommen auf der Internetseite meiner Praxis f\u00fcr Psychotherapie und psychologische Beratung in K\u00f6ln"},"content":{"rendered":"<p style=\"text-align: justify;\">Sie interessieren sich f\u00fcr eine Psychotherapie oder ein Beratungsgespr\u00e4ch? Dann k\u00f6nnen Sie sich dazu auf den weiteren Seiten \u00fcber mein Praxisangebot informieren.<\/p>\n<p style=\"text-align: justify;\">Es umfasst die klassische Psychotherapie (Einzel- und Gruppentherapie), die Selbsterfahrung im Rahmen einer Psychotherapieausbildung sowie Supervision \/ Coaching.<\/p>\n<p style=\"text-align: justify;\">Seit 1992 arbeite ich als Diplom-Psychologe und Psychotherapeut in K\u00f6ln. Schwerpunkt meiner Praxis ist die\u00a0<em>tiefenpsychologisch fundierte Psychotherapie<\/em>, die eine spezielle Unterform der psychoanalytischen Methode (<em>Psychoanalyse<\/em>) ist.<\/p>\n<p style=\"text-align: justify;\">Gerne k\u00f6nnen wir in einem pers\u00f6nlichen Gespr\u00e4ch alle weiteren Fragen kl\u00e4ren (Kontakt: Praxis f\u00fcr Psychotherapie, Dipl.-Psych., Dr. Axel Thomas, Geisselstr. 101, 50823 K\u00f6ln-Ehrenfeld, 0151-28870221, <a href=\"mailto:dr.axel.thomas@posteo.de\">dr.axel.thomas@posteo.de<\/a>).<\/p>\n<p style=\"text-align: justify;\">\n","protected":false},"excerpt":{"rendered":"<p>Sie interessieren sich f\u00fcr eine Psychotherapie oder ein Beratungsgespr\u00e4ch? Dann k\u00f6nnen Sie sich dazu auf den weiteren Seiten \u00fcber mein Praxisangebot informieren. Es umfasst die klassische Psychotherapie (Einzel- und Gruppentherapie), die Selbsterfahrung im Rahmen einer Psychotherapieausbildung sowie Supervision \/ Coaching. Seit 1992 arbeite ich als Diplom-Psychologe und Psychotherapeut in K\u00f6ln. Schwerpunkt meiner Praxis ist die\u00a0tiefenpsychologisch [&hellip;]<\/p>\n","protected":false},"author":1,"featured_media":0,"parent":0,"menu_order":0,"comment_status":"open","ping_status":"open","template":"","meta":{"footnotes":""},"class_list":["post-5","page","type-page","status-publish","hentry"],"_links":{"self":[{"href":"https:\/\/www.dr-axel-thomas.de\/index.php\/wp-json\/wp\/v2\/pages\/5","targetHints":{"allow":["GET"]}}],"collection":[{"href":"https:\/\/www.dr-axel-thomas.de\/index.php\/wp-json\/wp\/v2\/pages"}],"about":[{"href":"https:\/\/www.dr-axel-thomas.de\/index.php\/wp-json\/wp\/v2\/types\/page"}],"author":[{"embeddable":true,"href":"https:\/\/www.dr-axel-thomas.de\/index.php\/wp-json\/wp\/v2\/users\/1"}],"replies":[{"embeddable":true,"href":"https:\/\/www.dr-axel-thomas.de\/index.php\/wp-json\/wp\/v2\/comments?post=5"}],"version-history":[{"count":32,"href":"https:\/\/www.dr-axel-thomas.de\/index.php\/wp-json\/wp\/v2\/pages\/5\/revisions"}],"predecessor-version":[{"id":315,"href":"https:\/\/www.dr-axel-thomas.de\/index.php\/wp-json\/wp\/v2\/pages\/5\/revisions\/315"}],"wp:attachment":[{"href":"https:\/\/www.dr-axel-thomas.de\/index.php\/wp-json\/wp\/v2\/media?parent=5"}],"curies":[{"name":"wp","href":"https:\/\/api.w.org\/{rel}","templated":true}]}}