{"id":54,"date":"2015-08-28T12:10:41","date_gmt":"2015-08-28T10:10:41","guid":{"rendered":"http:\/\/axel-thomas.de.w0135f70.kasserver.com\/?page_id=54"},"modified":"2019-02-12T16:57:30","modified_gmt":"2019-02-12T15:57:30","slug":"behandlungsbereiche","status":"publish","type":"page","link":"https:\/\/www.dr-axel-thomas.de\/index.php\/behandlungsbereiche\/","title":{"rendered":"Problembereiche"},"content":{"rendered":"<ul>\n<li>\u00c4ngste und Phobien<\/li>\n<li>Belastungsreaktionen und Anpassungsst\u00f6rungen<\/li>\n<li>Depressionen<\/li>\n<li>Posttraumatische Belastungsst\u00f6rungen<\/li>\n<li>Pers\u00f6nlichkeitsst\u00f6rungen<\/li>\n<li>Psychosomatische Erkrankungen<\/li>\n<li>Schlafst\u00f6rungen<\/li>\n<li>Sexuelle Funktionsst\u00f6rungen<\/li>\n<li>Zw\u00e4nge<\/li>\n<li>Beziehungsprobleme<\/li>\n<\/ul>\n","protected":false},"excerpt":{"rendered":"<p>\u00c4ngste und Phobien Belastungsreaktionen und Anpassungsst\u00f6rungen Depressionen Posttraumatische Belastungsst\u00f6rungen Pers\u00f6nlichkeitsst\u00f6rungen Psychosomatische Erkrankungen Schlafst\u00f6rungen Sexuelle Funktionsst\u00f6rungen Zw\u00e4nge Beziehungsprobleme<\/p>\n","protected":false},"author":1,"featured_media":0,"parent":0,"menu_order":0,"comment_status":"closed","ping_status":"closed","template":"index_full_width_headline.php","meta":{"footnotes":""},"class_list":["post-54","page","type-page","status-publish","hentry"],"_links":{"self":[{"href":"https:\/\/www.dr-axel-thomas.de\/index.php\/wp-json\/wp\/v2\/pages\/54","targetHints":{"allow":["GET"]}}],"collection":[{"href":"https:\/\/www.dr-axel-thomas.de\/index.php\/wp-json\/wp\/v2\/pages"}],"about":[{"href":"https:\/\/www.dr-axel-thomas.de\/index.php\/wp-json\/wp\/v2\/types\/page"}],"author":[{"embeddable":true,"href":"https:\/\/www.dr-axel-thomas.de\/index.php\/wp-json\/wp\/v2\/users\/1"}],"replies":[{"embeddable":true,"href":"https:\/\/www.dr-axel-thomas.de\/index.php\/wp-json\/wp\/v2\/comments?post=54"}],"version-history":[{"count":5,"href":"https:\/\/www.dr-axel-thomas.de\/index.php\/wp-json\/wp\/v2\/pages\/54\/revisions"}],"predecessor-version":[{"id":282,"href":"https:\/\/www.dr-axel-thomas.de\/index.php\/wp-json\/wp\/v2\/pages\/54\/revisions\/282"}],"wp:attachment":[{"href":"https:\/\/www.dr-axel-thomas.de\/index.php\/wp-json\/wp\/v2\/media?parent=54"}],"curies":[{"name":"wp","href":"https:\/\/api.w.org\/{rel}","templated":true}]}}