{"id":7,"date":"2015-06-30T17:36:10","date_gmt":"2015-06-30T15:36:10","guid":{"rendered":"http:\/\/axel-thomas.de.w0135f70.kasserver.com\/?page_id=7"},"modified":"2026-03-13T16:22:29","modified_gmt":"2026-03-13T15:22:29","slug":"kontakt","status":"publish","type":"page","link":"https:\/\/www.dr-axel-thomas.de\/index.php\/kontakt\/","title":{"rendered":"Kontakt"},"content":{"rendered":"<p>Sie k\u00f6nnen mich gerne bei Fragen und f\u00fcr Terminabsprachen pers\u00f6nlich kontaktieren:<\/p>\n<p>Per Telefon: 0151-28870221.<\/p>\n<p>Per E-Mail: <a href=\"mailto:dr.axel.thomas@posteo.de\">dr.axel.thomas@posteo.de<\/a><\/p>\n<p>&nbsp;<\/p>\n<p>(Es gelten hierf\u00fcr die Ausf\u00fchrungen der <a href=\"https:\/\/www.dr-axel-thomas.de\/index.php\/impressum\/datenschutzerklaerung\/\">Datenschutzerkl\u00e4rung<\/a>\u00a0-Stand 25.5.2018.)<\/p>\n","protected":false},"excerpt":{"rendered":"<p>Sie k\u00f6nnen mich gerne bei Fragen und f\u00fcr Terminabsprachen pers\u00f6nlich kontaktieren: Per Telefon: 0151-28870221. Per E-Mail: dr.axel.thomas@posteo.de &nbsp; (Es gelten hierf\u00fcr die Ausf\u00fchrungen der Datenschutzerkl\u00e4rung\u00a0-Stand 25.5.2018.)<\/p>\n","protected":false},"author":1,"featured_media":0,"parent":0,"menu_order":0,"comment_status":"closed","ping_status":"closed","template":"index_full_width_headline.php","meta":{"footnotes":""},"class_list":["post-7","page","type-page","status-publish","hentry"],"_links":{"self":[{"href":"https:\/\/www.dr-axel-thomas.de\/index.php\/wp-json\/wp\/v2\/pages\/7","targetHints":{"allow":["GET"]}}],"collection":[{"href":"https:\/\/www.dr-axel-thomas.de\/index.php\/wp-json\/wp\/v2\/pages"}],"about":[{"href":"https:\/\/www.dr-axel-thomas.de\/index.php\/wp-json\/wp\/v2\/types\/page"}],"author":[{"embeddable":true,"href":"https:\/\/www.dr-axel-thomas.de\/index.php\/wp-json\/wp\/v2\/users\/1"}],"replies":[{"embeddable":true,"href":"https:\/\/www.dr-axel-thomas.de\/index.php\/wp-json\/wp\/v2\/comments?post=7"}],"version-history":[{"count":10,"href":"https:\/\/www.dr-axel-thomas.de\/index.php\/wp-json\/wp\/v2\/pages\/7\/revisions"}],"predecessor-version":[{"id":316,"href":"https:\/\/www.dr-axel-thomas.de\/index.php\/wp-json\/wp\/v2\/pages\/7\/revisions\/316"}],"wp:attachment":[{"href":"https:\/\/www.dr-axel-thomas.de\/index.php\/wp-json\/wp\/v2\/media?parent=7"}],"curies":[{"name":"wp","href":"https:\/\/api.w.org\/{rel}","templated":true}]}}