{"id":9,"date":"2015-06-30T17:36:31","date_gmt":"2015-06-30T15:36:31","guid":{"rendered":"http:\/\/axel-thomas.de.w0135f70.kasserver.com\/?page_id=9"},"modified":"2026-03-13T16:18:59","modified_gmt":"2026-03-13T15:18:59","slug":"impressum","status":"publish","type":"page","link":"https:\/\/www.dr-axel-thomas.de\/index.php\/impressum\/","title":{"rendered":"Impressum"},"content":{"rendered":"<p>Dr. phil. Dipl.-Psych. Axel Thomas<br \/>\nPsychologischer Psychotherapeut<br \/>\nGeisselstr. 101<br \/>\n50823 K\u00f6ln<\/p>\n<p>Telefon: 0151-28870221<br \/>\nEmail: <a href=\"mailto:dr.axel.thomas@posteo.de\">dr.axel.thomas@posteo.de<\/a><\/p>\n<p style=\"text-align: justify;\">Aufsichtsbeh\u00f6rden:<\/p>\n<p style=\"text-align: justify;\"><a href=\"https:\/\/www.ptk-nrw.de\/\" target=\"_blank\" rel=\"noopener\">Psychotherapeutenkammer NRW<\/a><br \/>\n<a href=\"https:\/\/www.kvno.de\/\" target=\"_blank\" rel=\"noopener\">Kassen\u00e4rztliche Vereinigung Nordrhein<\/a><br \/>\nBerufsrechtliche Regelungen: <a href=\"https:\/\/www.ptk-nrw.de\/fileadmin\/user_upload\/downloads\/02_kammer\/recht\/Berufsordnung_PTK_NRW_Stand_21.10.2022.pdf\" target=\"_blank\" rel=\"noopener\">Berufsordnung der Kammer f\u00fcr Psychologische Psychotherapeuten und Kinder- und Jugendlichenpsychotherapeuten Nordrhein-Westfalen<\/a><\/p>\n<p style=\"text-align: justify;\">Haftung f\u00fcr Links:<\/p>\n<p style=\"text-align: justify;\">Das Angebot der Webseite der Praxis Dr. Axel Thomas enth\u00e4lt Links zu externen Webseiten Dritter, auf deren Inhalte ich keinen Einfluss habe. Deshalb kann ich f\u00fcr diese fremden Inhalte auch keine Gew\u00e4hr \u00fcbernehmen. F\u00fcr die Inhalte der verlinkten Seiten ist stets der jeweilige Anbieter oder Betreiber der Seiten verantwortlich. Die verlinkten Seiten wurden zum Zeitpunkt der Verlinkung auf m\u00f6gliche Rechtsverst\u00f6\u00dfe \u00fcberpr\u00fcft. Rechtswidrige Inhalte waren zum Zeitpunkt der Verlinkung nicht erkennbar. Eine permanente inhaltliche Kontrolle der verlinkten Seiten ist jedoch ohne konkrete Anhaltspunkte einer Rechtsverletzung nicht zumutbar. Bei Bekanntwerden von Rechtsverletzungen werde ich derartige Links umgehend entfernen.<\/p>\n<p style=\"text-align: justify;\">Webdesign:<\/p>\n<p style=\"text-align: justify;\">Benedikt Quirmbach &#8211; LivingDocs<\/p>\n<p>Hier finden sie die aktuelle\u00a0\u00a0<a href=\"https:\/\/www.dr-axel-thomas.de\/index.php\/impressum\/datenschutzerklaerung\/\">Datenschutzerkl\u00e4rung<\/a> (Stand 1.1.2026).<\/p>\n","protected":false},"excerpt":{"rendered":"<p>Dr. phil. Dipl.-Psych. Axel Thomas Psychologischer Psychotherapeut Geisselstr. 101 50823 K\u00f6ln Telefon: 0151-28870221 Email: dr.axel.thomas@posteo.de Aufsichtsbeh\u00f6rden: Psychotherapeutenkammer NRW Kassen\u00e4rztliche Vereinigung Nordrhein Berufsrechtliche Regelungen: Berufsordnung der Kammer f\u00fcr Psychologische Psychotherapeuten und Kinder- und Jugendlichenpsychotherapeuten Nordrhein-Westfalen Haftung f\u00fcr Links: Das Angebot der Webseite der Praxis Dr. Axel Thomas enth\u00e4lt Links zu externen Webseiten Dritter, auf deren Inhalte [&hellip;]<\/p>\n","protected":false},"author":1,"featured_media":0,"parent":0,"menu_order":0,"comment_status":"closed","ping_status":"closed","template":"index_full_width_headline.php","meta":{"footnotes":""},"class_list":["post-9","page","type-page","status-publish","hentry"],"_links":{"self":[{"href":"https:\/\/www.dr-axel-thomas.de\/index.php\/wp-json\/wp\/v2\/pages\/9","targetHints":{"allow":["GET"]}}],"collection":[{"href":"https:\/\/www.dr-axel-thomas.de\/index.php\/wp-json\/wp\/v2\/pages"}],"about":[{"href":"https:\/\/www.dr-axel-thomas.de\/index.php\/wp-json\/wp\/v2\/types\/page"}],"author":[{"embeddable":true,"href":"https:\/\/www.dr-axel-thomas.de\/index.php\/wp-json\/wp\/v2\/users\/1"}],"replies":[{"embeddable":true,"href":"https:\/\/www.dr-axel-thomas.de\/index.php\/wp-json\/wp\/v2\/comments?post=9"}],"version-history":[{"count":23,"href":"https:\/\/www.dr-axel-thomas.de\/index.php\/wp-json\/wp\/v2\/pages\/9\/revisions"}],"predecessor-version":[{"id":313,"href":"https:\/\/www.dr-axel-thomas.de\/index.php\/wp-json\/wp\/v2\/pages\/9\/revisions\/313"}],"wp:attachment":[{"href":"https:\/\/www.dr-axel-thomas.de\/index.php\/wp-json\/wp\/v2\/media?parent=9"}],"curies":[{"name":"wp","href":"https:\/\/api.w.org\/{rel}","templated":true}]}}